{"id":126,"date":"2023-03-16T15:54:42","date_gmt":"2023-03-16T15:54:42","guid":{"rendered":"https:\/\/fundacionvalores.org\/?page_id=126"},"modified":"2023-03-16T16:27:01","modified_gmt":"2023-03-16T16:27:01","slug":"conocenos","status":"publish","type":"page","link":"https:\/\/fundacionvalores.org\/index.php\/conocenos\/","title":{"rendered":"Conocenos"},"content":{"rendered":"<p>[et_pb_section fb_built=\u00bb1&#8243; theme_builder_area=\u00bbpost_content\u00bb _builder_version=\u00bb4.20.2&#8243; _module_preset=\u00bbdefault\u00bb][et_pb_row _builder_version=\u00bb4.20.2&#8243; _module_preset=\u00bbdefault\u00bb theme_builder_area=\u00bbpost_content\u00bb column_structure=\u00bb1_3,1_3,1_3&#8243;][et_pb_column _builder_version=\u00bb4.20.2&#8243; _module_preset=\u00bbdefault\u00bb type=\u00bb1_3&#8243; theme_builder_area=\u00bbpost_content\u00bb][\/et_pb_column][et_pb_column _builder_version=\u00bb4.20.2&#8243; _module_preset=\u00bbdefault\u00bb type=\u00bb1_3&#8243; theme_builder_area=\u00bbpost_content\u00bb][et_pb_image src=\u00bbhttps:\/\/fundacionvalores.org\/wp-content\/uploads\/2022\/10\/LOGO_FUNDACION_VALORES.png\u00bb _builder_version=\u00bb4.20.2&#8243; _module_preset=\u00bbdefault\u00bb theme_builder_area=\u00bbpost_content\u00bb title_text=\u00bbLOGO_FUNDACION_VALORES\u00bb hover_enabled=\u00bb0&#8243; sticky_enabled=\u00bb0&#8243;][\/et_pb_image][\/et_pb_column][et_pb_column _builder_version=\u00bb4.20.2&#8243; _module_preset=\u00bbdefault\u00bb type=\u00bb1_3&#8243; theme_builder_area=\u00bbpost_content\u00bb][\/et_pb_column][\/et_pb_row][et_pb_row _builder_version=\u00bb4.20.2&#8243; _module_preset=\u00bbdefault\u00bb column_structure=\u00bb1_5,3_5,1_5&#8243; theme_builder_area=\u00bbpost_content\u00bb hover_enabled=\u00bb0&#8243; sticky_enabled=\u00bb0&#8243;][et_pb_column _builder_version=\u00bb4.20.2&#8243; _module_preset=\u00bbdefault\u00bb type=\u00bb1_5&#8243; theme_builder_area=\u00bbpost_content\u00bb][\/et_pb_column][et_pb_column _builder_version=\u00bb4.20.2&#8243; _module_preset=\u00bbdefault\u00bb type=\u00bb3_5&#8243; theme_builder_area=\u00bbpost_content\u00bb][et_pb_text _builder_version=\u00bb4.20.2&#8243; _module_preset=\u00bbdefault\u00bb theme_builder_area=\u00bbpost_content\u00bb hover_enabled=\u00bb0&#8243; sticky_enabled=\u00bb0&#8243; text_font_size=\u00bb16px\u00bb]<\/p>\n<blockquote><\/blockquote>\n<blockquote>\n<p style=\"text-align: justify;\"><span style=\"font-size: large;\">Conoce \u201cFundaci\u00f3n Valores\u201d<\/span><\/p>\n<\/blockquote>\n<p style=\"text-align: justify;\">Queremos compartir contigo informaci\u00f3n acerca de <strong>Fundaci\u00f3n Valores<\/strong>, una organizaci\u00f3n que naci\u00f3 con el objetivo de apoyar la educaci\u00f3n de los hijos de nuestros colaboradores, y que ha evolucionado hasta convertirse en una instituci\u00f3n comprometida con la transformaci\u00f3n social de nuestro pa\u00eds.<\/p>\n<p style=\"text-align: justify;\"><strong>Fundaci\u00f3n Valores<\/strong>\u00a0es el resultado de la evoluci\u00f3n de Fundaci\u00f3n COEX, que se formaliz\u00f3 en el a\u00f1o 2013, aunque desde el 2007 ya se apoyaba el programa de becas para los hijos de nuestros colaboradores. En el 2020 decidimos cambiar nuestro nombre y enfocarnos en la promoci\u00f3n de valores que fomenten la educaci\u00f3n integral de los ni\u00f1os y j\u00f3venes salvadore\u00f1os, independientemente del rubro en el que estemos colaborando dentro del Grupo Valores o en empresas relacionadas.<\/p>\n<p style=\"text-align: justify;\">Nos enorgullece ser una fundaci\u00f3n apol\u00edtica, no religiosa y sin fines de lucro, comprometida con la responsabilidad, la solidaridad, la empat\u00eda, el respeto y el esfuerzo de todos los actores involucrados en nuestra tr\u00edada: Fundaci\u00f3n, ni\u00f1ez salvadore\u00f1a, benefactores.<\/p>\n<p style=\"text-align: justify;\">Desde nuestra creaci\u00f3n, hemos acompa\u00f1ado en su desarrollo educativo a m\u00e1s de dos mil ni\u00f1os, muchos de los cuales han logrado convertirse en profesionales exitosos y comprometidos con el bienestar de sus comunidades. Creemos que un ni\u00f1o con educaci\u00f3n puede cambiar la vida de su familia y, con esta visi\u00f3n en mente, nos esforzamos por llevar las mismas oportunidades a todos los ni\u00f1os y j\u00f3venes de nuestro pa\u00eds.<\/p>\n<p style=\"text-align: justify;\">En Fundaci\u00f3n Valores, nuestra tarea consiste en trabajar junto a nuestros aliados para transformar nuestro pa\u00eds, ofreciendo acceso a educaci\u00f3n integral a cada ni\u00f1o y joven salvadore\u00f1o. Sabemos que el camino no es f\u00e1cil, pero estamos comprometidos con el crecimiento y la continuidad de nuestra fundaci\u00f3n, para beneficio de todas las familias salvadore\u00f1as.<\/p>\n<p style=\"text-align: justify;\">Si deseas conocer m\u00e1s sobre nuestra labor, no dudes en contactarnos.<\/p>\n<p style=\"text-align: justify;\">\n<p style=\"text-align: justify;\">\n<p style=\"text-align: justify;\">\n<p style=\"text-align: justify;\">\n<h2 style=\"text-align: justify;\"><strong>Fundaci\u00f3n Valores<\/strong><\/h2>\n<p>[\/et_pb_text][\/et_pb_column][et_pb_column _builder_version=\u00bb4.20.2&#8243; _module_preset=\u00bbdefault\u00bb type=\u00bb1_5&#8243; theme_builder_area=\u00bbpost_content\u00bb][\/et_pb_column][\/et_pb_row][\/et_pb_section]<\/p>\n","protected":false},"excerpt":{"rendered":"<p>Conoce \u201cFundaci\u00f3n Valores\u201d Queremos compartir contigo informaci\u00f3n acerca de Fundaci\u00f3n Valores, una organizaci\u00f3n que naci\u00f3 con el objetivo de apoyar la educaci\u00f3n de los hijos de nuestros colaboradores, y que ha evolucionado hasta convertirse en una instituci\u00f3n comprometida con la transformaci\u00f3n social de nuestro pa\u00eds. Fundaci\u00f3n Valores\u00a0es el resultado de la evoluci\u00f3n de Fundaci\u00f3n COEX, [&hellip;]<\/p>\n","protected":false},"author":2,"featured_media":0,"parent":0,"menu_order":0,"comment_status":"closed","ping_status":"closed","template":"","meta":{"_et_pb_use_builder":"on","_et_pb_old_content":"","_et_gb_content_width":"","footnotes":""},"class_list":["post-126","page","type-page","status-publish","hentry"],"_links":{"self":[{"href":"https:\/\/fundacionvalores.org\/index.php\/wp-json\/wp\/v2\/pages\/126","targetHints":{"allow":["GET"]}}],"collection":[{"href":"https:\/\/fundacionvalores.org\/index.php\/wp-json\/wp\/v2\/pages"}],"about":[{"href":"https:\/\/fundacionvalores.org\/index.php\/wp-json\/wp\/v2\/types\/page"}],"author":[{"embeddable":true,"href":"https:\/\/fundacionvalores.org\/index.php\/wp-json\/wp\/v2\/users\/2"}],"replies":[{"embeddable":true,"href":"https:\/\/fundacionvalores.org\/index.php\/wp-json\/wp\/v2\/comments?post=126"}],"version-history":[{"count":5,"href":"https:\/\/fundacionvalores.org\/index.php\/wp-json\/wp\/v2\/pages\/126\/revisions"}],"predecessor-version":[{"id":134,"href":"https:\/\/fundacionvalores.org\/index.php\/wp-json\/wp\/v2\/pages\/126\/revisions\/134"}],"wp:attachment":[{"href":"https:\/\/fundacionvalores.org\/index.php\/wp-json\/wp\/v2\/media?parent=126"}],"curies":[{"name":"wp","href":"https:\/\/api.w.org\/{rel}","templated":true}]}}